{"id":162,"date":"2023-08-04T20:58:15","date_gmt":"2023-08-04T20:58:15","guid":{"rendered":"https:\/\/siemprebellasv.com\/?post_type=product&#038;p=162"},"modified":"2025-10-17T11:44:00","modified_gmt":"2025-10-17T17:44:00","slug":"reparador-de-puntas-100ml","status":"publish","type":"product","link":"https:\/\/siemprebellasv.com\/?product=reparador-de-puntas-100ml","title":{"rendered":"Reparador De Puntas 100Ml"},"content":{"rendered":"\n<p>Este s\u00e9rum de doble acci\u00f3n act\u00faa reparando y protegiendo el cabello del calor de las herramientas de fijaci\u00f3n de hasta 230\u00baC y de los rayos UV.<br>Rellena la estructura capilar interna, repara las irregularidades y cierra las puntas abiertas con su uso progresivo.<br><strong>Tipo de cabello:<\/strong>\u00a0D\u00e9bil, con puntas abiertas<br><strong>Modo de uso:<\/strong>\u00a0Tomar una peque\u00f1a cantidad, aplicar de medios a puntas en cabello seco o h\u00famedo. No enjuagar.<\/p>\n","protected":false},"excerpt":{"rendered":"<p>Reparador de puntas<\/p>\n<h1 class=\"title\" style=\"margin-bottom: 0.5em;padding-top: 0px;padding-bottom: 0px;border: 0px;font-size: 27px;line-height: 1.2;, sans-serif;vertical-align: baseline;text-transform: uppercase\"><\/h1>\n","protected":false},"featured_media":164,"comment_status":"open","ping_status":"closed","template":"","meta":{"om_disable_all_campaigns":false,"_monsterinsights_skip_tracking":false,"_monsterinsights_sitenote_active":false,"_monsterinsights_sitenote_note":"","_monsterinsights_sitenote_category":0,"_uf_show_specific_survey":0,"_uf_disable_surveys":false},"product_brand":[],"product_cat":[31],"product_tag":[],"class_list":{"0":"post-162","1":"product","2":"type-product","3":"status-publish","4":"has-post-thumbnail","6":"product_cat-schwarzkopf","8":"first","9":"instock","10":"sale","11":"shipping-taxable","12":"purchasable","13":"product-type-simple"},"aioseo_notices":[],"yoast_head":"<!-- This site is optimized with the Yoast SEO plugin v27.5 - https:\/\/yoast.com\/product\/yoast-seo-wordpress\/ -->\n<title>Reparador De Puntas 100Ml | Siempre Bella El Salvador<\/title>\n<meta name=\"description\" content=\"Encuentra los mejores productos para el cuidado del cabello en SiempreBellaSV. Transforma tu cabello con amor y nutrici\u00f3n. \u00a1Dale a tu cabello el brillo que se merece!\" \/>\n<meta name=\"robots\" content=\"index, follow, max-snippet:-1, max-image-preview:large, max-video-preview:-1\" \/>\n<link rel=\"canonical\" href=\"https:\/\/siemprebellasv.com\/?product=reparador-de-puntas-100ml\" \/>\n<meta property=\"og:locale\" content=\"es_MX\" \/>\n<meta property=\"og:type\" content=\"article\" \/>\n<meta property=\"og:title\" content=\"Reparador De Puntas 100Ml | Siempre Bella El Salvador\" \/>\n<meta property=\"og:description\" content=\"Encuentra los mejores productos para el cuidado del cabello en SiempreBellaSV. Transforma tu cabello con amor y nutrici\u00f3n. \u00a1Dale a tu cabello el brillo que se merece!\" \/>\n<meta property=\"og:url\" content=\"https:\/\/siemprebellasv.com\/?product=reparador-de-puntas-100ml\" \/>\n<meta property=\"og:site_name\" content=\"Siempre Bella El Salvador\" \/>\n<meta property=\"article:publisher\" content=\"https:\/\/www.facebook.com\/siemprebellasvf\" \/>\n<meta property=\"article:modified_time\" content=\"2025-10-17T17:44:00+00:00\" \/>\n<meta property=\"og:image\" content=\"https:\/\/siemprebellasv.com\/wp-content\/uploads\/2023\/08\/2_41.png\" \/>\n\t<meta property=\"og:image:width\" content=\"1024\" \/>\n\t<meta property=\"og:image:height\" content=\"1024\" \/>\n\t<meta property=\"og:image:type\" content=\"image\/png\" \/>\n<meta name=\"twitter:card\" content=\"summary_large_image\" \/>\n<script type=\"application\/ld+json\" class=\"yoast-schema-graph\">{\"@context\":\"https:\\\/\\\/schema.org\",\"@graph\":[{\"@type\":[\"WebPage\",\"ItemPage\"],\"@id\":\"https:\\\/\\\/siemprebellasv.com\\\/?product=reparador-de-puntas-100ml\",\"url\":\"https:\\\/\\\/siemprebellasv.com\\\/?product=reparador-de-puntas-100ml\",\"name\":\"Reparador De Puntas 100Ml | Siempre Bella El Salvador\",\"isPartOf\":{\"@id\":\"https:\\\/\\\/siemprebellasv.com\\\/#website\"},\"primaryImageOfPage\":{\"@id\":\"https:\\\/\\\/siemprebellasv.com\\\/?product=reparador-de-puntas-100ml#primaryimage\"},\"image\":{\"@id\":\"https:\\\/\\\/siemprebellasv.com\\\/?product=reparador-de-puntas-100ml#primaryimage\"},\"thumbnailUrl\":\"https:\\\/\\\/i0.wp.com\\\/siemprebellasv.com\\\/wp-content\\\/uploads\\\/2023\\\/08\\\/2_41.png?fit=1024%2C1024&ssl=1\",\"datePublished\":\"2023-08-04T20:58:15+00:00\",\"dateModified\":\"2025-10-17T17:44:00+00:00\",\"description\":\"Encuentra los mejores productos para el cuidado del cabello en SiempreBellaSV. Transforma tu cabello con amor y nutrici\u00f3n. \u00a1Dale a tu cabello el brillo que se merece!\",\"breadcrumb\":{\"@id\":\"https:\\\/\\\/siemprebellasv.com\\\/?product=reparador-de-puntas-100ml#breadcrumb\"},\"inLanguage\":\"es\",\"potentialAction\":[{\"@type\":\"ReadAction\",\"target\":[\"https:\\\/\\\/siemprebellasv.com\\\/?product=reparador-de-puntas-100ml\"]}]},{\"@type\":\"ImageObject\",\"inLanguage\":\"es\",\"@id\":\"https:\\\/\\\/siemprebellasv.com\\\/?product=reparador-de-puntas-100ml#primaryimage\",\"url\":\"https:\\\/\\\/i0.wp.com\\\/siemprebellasv.com\\\/wp-content\\\/uploads\\\/2023\\\/08\\\/2_41.png?fit=1024%2C1024&ssl=1\",\"contentUrl\":\"https:\\\/\\\/i0.wp.com\\\/siemprebellasv.com\\\/wp-content\\\/uploads\\\/2023\\\/08\\\/2_41.png?fit=1024%2C1024&ssl=1\",\"width\":1024,\"height\":1024},{\"@type\":\"BreadcrumbList\",\"@id\":\"https:\\\/\\\/siemprebellasv.com\\\/?product=reparador-de-puntas-100ml#breadcrumb\",\"itemListElement\":[{\"@type\":\"ListItem\",\"position\":1,\"name\":\"Inicio\",\"item\":\"https:\\\/\\\/siemprebellasv.com\\\/\"},{\"@type\":\"ListItem\",\"position\":2,\"name\":\"Tienda de productos para el cuidado del cabello.\",\"item\":\"https:\\\/\\\/siemprebellasv.com\\\/\"},{\"@type\":\"ListItem\",\"position\":3,\"name\":\"schwarzkopf\",\"item\":\"https:\\\/\\\/siemprebellasv.com\\\/?product_cat=schwarzkopf\"},{\"@type\":\"ListItem\",\"position\":4,\"name\":\"Reparador De Puntas 100Ml\"}]},{\"@type\":\"WebSite\",\"@id\":\"https:\\\/\\\/siemprebellasv.com\\\/#website\",\"url\":\"https:\\\/\\\/siemprebellasv.com\\\/\",\"name\":\"Siempre Bella El Salvador\",\"description\":\"Le ofrecemos productos de alta calidad para el cuidado y belleza del cabello.\",\"publisher\":{\"@id\":\"https:\\\/\\\/siemprebellasv.com\\\/#organization\"},\"potentialAction\":[{\"@type\":\"SearchAction\",\"target\":{\"@type\":\"EntryPoint\",\"urlTemplate\":\"https:\\\/\\\/siemprebellasv.com\\\/?s={search_term_string}\"},\"query-input\":{\"@type\":\"PropertyValueSpecification\",\"valueRequired\":true,\"valueName\":\"search_term_string\"}}],\"inLanguage\":\"es\"},{\"@type\":\"Organization\",\"@id\":\"https:\\\/\\\/siemprebellasv.com\\\/#organization\",\"name\":\"Siempre Bella El Salvador\",\"alternateName\":\"Siempre Bella El Salvador\",\"url\":\"https:\\\/\\\/siemprebellasv.com\\\/\",\"logo\":{\"@type\":\"ImageObject\",\"inLanguage\":\"es\",\"@id\":\"https:\\\/\\\/siemprebellasv.com\\\/#\\\/schema\\\/logo\\\/image\\\/\",\"url\":\"https:\\\/\\\/i0.wp.com\\\/siemprebellasv.com\\\/wp-content\\\/uploads\\\/2023\\\/07\\\/cropped-siemprebellasv_logo-1.jpg?fit=699%2C699&ssl=1\",\"contentUrl\":\"https:\\\/\\\/i0.wp.com\\\/siemprebellasv.com\\\/wp-content\\\/uploads\\\/2023\\\/07\\\/cropped-siemprebellasv_logo-1.jpg?fit=699%2C699&ssl=1\",\"width\":699,\"height\":699,\"caption\":\"Siempre Bella El Salvador\"},\"image\":{\"@id\":\"https:\\\/\\\/siemprebellasv.com\\\/#\\\/schema\\\/logo\\\/image\\\/\"},\"sameAs\":[\"https:\\\/\\\/www.facebook.com\\\/siemprebellasvf\",\"https:\\\/\\\/www.instagram.com\\\/bellabeautysv\\\/\"]}]}<\/script>\n<!-- \/ Yoast SEO plugin. -->","yoast_head_json":{"title":"Reparador De Puntas 100Ml | Siempre Bella El Salvador","description":"Encuentra los mejores productos para el cuidado del cabello en SiempreBellaSV. Transforma tu cabello con amor y nutrici\u00f3n. \u00a1Dale a tu cabello el brillo que se merece!","robots":{"index":"index","follow":"follow","max-snippet":"max-snippet:-1","max-image-preview":"max-image-preview:large","max-video-preview":"max-video-preview:-1"},"canonical":"https:\/\/siemprebellasv.com\/?product=reparador-de-puntas-100ml","og_locale":"es_MX","og_type":"article","og_title":"Reparador De Puntas 100Ml | Siempre Bella El Salvador","og_description":"Encuentra los mejores productos para el cuidado del cabello en SiempreBellaSV. Transforma tu cabello con amor y nutrici\u00f3n. \u00a1Dale a tu cabello el brillo que se merece!","og_url":"https:\/\/siemprebellasv.com\/?product=reparador-de-puntas-100ml","og_site_name":"Siempre Bella El Salvador","article_publisher":"https:\/\/www.facebook.com\/siemprebellasvf","article_modified_time":"2025-10-17T17:44:00+00:00","og_image":[{"width":1024,"height":1024,"url":"https:\/\/siemprebellasv.com\/wp-content\/uploads\/2023\/08\/2_41.png","type":"image\/png"}],"twitter_card":"summary_large_image","schema":{"@context":"https:\/\/schema.org","@graph":[{"@type":["WebPage","ItemPage"],"@id":"https:\/\/siemprebellasv.com\/?product=reparador-de-puntas-100ml","url":"https:\/\/siemprebellasv.com\/?product=reparador-de-puntas-100ml","name":"Reparador De Puntas 100Ml | Siempre Bella El Salvador","isPartOf":{"@id":"https:\/\/siemprebellasv.com\/#website"},"primaryImageOfPage":{"@id":"https:\/\/siemprebellasv.com\/?product=reparador-de-puntas-100ml#primaryimage"},"image":{"@id":"https:\/\/siemprebellasv.com\/?product=reparador-de-puntas-100ml#primaryimage"},"thumbnailUrl":"https:\/\/i0.wp.com\/siemprebellasv.com\/wp-content\/uploads\/2023\/08\/2_41.png?fit=1024%2C1024&ssl=1","datePublished":"2023-08-04T20:58:15+00:00","dateModified":"2025-10-17T17:44:00+00:00","description":"Encuentra los mejores productos para el cuidado del cabello en SiempreBellaSV. Transforma tu cabello con amor y nutrici\u00f3n. \u00a1Dale a tu cabello el brillo que se merece!","breadcrumb":{"@id":"https:\/\/siemprebellasv.com\/?product=reparador-de-puntas-100ml#breadcrumb"},"inLanguage":"es","potentialAction":[{"@type":"ReadAction","target":["https:\/\/siemprebellasv.com\/?product=reparador-de-puntas-100ml"]}]},{"@type":"ImageObject","inLanguage":"es","@id":"https:\/\/siemprebellasv.com\/?product=reparador-de-puntas-100ml#primaryimage","url":"https:\/\/i0.wp.com\/siemprebellasv.com\/wp-content\/uploads\/2023\/08\/2_41.png?fit=1024%2C1024&ssl=1","contentUrl":"https:\/\/i0.wp.com\/siemprebellasv.com\/wp-content\/uploads\/2023\/08\/2_41.png?fit=1024%2C1024&ssl=1","width":1024,"height":1024},{"@type":"BreadcrumbList","@id":"https:\/\/siemprebellasv.com\/?product=reparador-de-puntas-100ml#breadcrumb","itemListElement":[{"@type":"ListItem","position":1,"name":"Inicio","item":"https:\/\/siemprebellasv.com\/"},{"@type":"ListItem","position":2,"name":"Tienda de productos para el cuidado del cabello.","item":"https:\/\/siemprebellasv.com\/"},{"@type":"ListItem","position":3,"name":"schwarzkopf","item":"https:\/\/siemprebellasv.com\/?product_cat=schwarzkopf"},{"@type":"ListItem","position":4,"name":"Reparador De Puntas 100Ml"}]},{"@type":"WebSite","@id":"https:\/\/siemprebellasv.com\/#website","url":"https:\/\/siemprebellasv.com\/","name":"Siempre Bella El Salvador","description":"Le ofrecemos productos de alta calidad para el cuidado y belleza del cabello.","publisher":{"@id":"https:\/\/siemprebellasv.com\/#organization"},"potentialAction":[{"@type":"SearchAction","target":{"@type":"EntryPoint","urlTemplate":"https:\/\/siemprebellasv.com\/?s={search_term_string}"},"query-input":{"@type":"PropertyValueSpecification","valueRequired":true,"valueName":"search_term_string"}}],"inLanguage":"es"},{"@type":"Organization","@id":"https:\/\/siemprebellasv.com\/#organization","name":"Siempre Bella El Salvador","alternateName":"Siempre Bella El Salvador","url":"https:\/\/siemprebellasv.com\/","logo":{"@type":"ImageObject","inLanguage":"es","@id":"https:\/\/siemprebellasv.com\/#\/schema\/logo\/image\/","url":"https:\/\/i0.wp.com\/siemprebellasv.com\/wp-content\/uploads\/2023\/07\/cropped-siemprebellasv_logo-1.jpg?fit=699%2C699&ssl=1","contentUrl":"https:\/\/i0.wp.com\/siemprebellasv.com\/wp-content\/uploads\/2023\/07\/cropped-siemprebellasv_logo-1.jpg?fit=699%2C699&ssl=1","width":699,"height":699,"caption":"Siempre Bella El Salvador"},"image":{"@id":"https:\/\/siemprebellasv.com\/#\/schema\/logo\/image\/"},"sameAs":["https:\/\/www.facebook.com\/siemprebellasvf","https:\/\/www.instagram.com\/bellabeautysv\/"]}]}},"jetpack_sharing_enabled":true,"_links":{"self":[{"href":"https:\/\/siemprebellasv.com\/index.php?rest_route=\/wp\/v2\/product\/162","targetHints":{"allow":["GET"]}}],"collection":[{"href":"https:\/\/siemprebellasv.com\/index.php?rest_route=\/wp\/v2\/product"}],"about":[{"href":"https:\/\/siemprebellasv.com\/index.php?rest_route=\/wp\/v2\/types\/product"}],"replies":[{"embeddable":true,"href":"https:\/\/siemprebellasv.com\/index.php?rest_route=%2Fwp%2Fv2%2Fcomments&post=162"}],"wp:featuredmedia":[{"embeddable":true,"href":"https:\/\/siemprebellasv.com\/index.php?rest_route=\/wp\/v2\/media\/164"}],"wp:attachment":[{"href":"https:\/\/siemprebellasv.com\/index.php?rest_route=%2Fwp%2Fv2%2Fmedia&parent=162"}],"wp:term":[{"taxonomy":"product_brand","embeddable":true,"href":"https:\/\/siemprebellasv.com\/index.php?rest_route=%2Fwp%2Fv2%2Fproduct_brand&post=162"},{"taxonomy":"product_cat","embeddable":true,"href":"https:\/\/siemprebellasv.com\/index.php?rest_route=%2Fwp%2Fv2%2Fproduct_cat&post=162"},{"taxonomy":"product_tag","embeddable":true,"href":"https:\/\/siemprebellasv.com\/index.php?rest_route=%2Fwp%2Fv2%2Fproduct_tag&post=162"}],"curies":[{"name":"wp","href":"https:\/\/api.w.org\/{rel}","templated":true}]}}